{"id":171,"date":"2026-01-20T10:50:26","date_gmt":"2026-01-20T15:50:26","guid":{"rendered":"https:\/\/summitpremierinspections.com\/?page_id=171"},"modified":"2026-01-29T12:23:38","modified_gmt":"2026-01-29T17:23:38","slug":"copyright-intellectual-property","status":"publish","type":"page","link":"https:\/\/summitpremierinspections.com\/en\/copyright-intellectual-property\/","title":{"rendered":"COPYRIGHT &amp; INTELLECTUAL PROPERTY"},"content":{"rendered":"<p>All content on this website, including text, logos, images, and reports, is the property of Summit Premier Inspections and is protected by copyright laws. <\/p>\n\n\n\n<p>Reproduction without written permission is prohibited.<\/p>","protected":false},"excerpt":{"rendered":"<p>Todo el contenido de este sitio web, incluyendo textos, logotipos, im\u00e1genes y reportes, es propiedad de Summit Premier Inspections y est\u00e1 protegido por leyes de derechos de autor. Queda prohibida su reproducci\u00f3n sin autorizaci\u00f3n escrita.<\/p>","protected":false},"author":1,"featured_media":0,"parent":0,"menu_order":0,"comment_status":"closed","ping_status":"closed","template":"","meta":{"footnotes":""},"class_list":["post-171","page","type-page","status-publish","hentry"],"_links":{"self":[{"href":"https:\/\/summitpremierinspections.com\/en\/wp-json\/wp\/v2\/pages\/171","targetHints":{"allow":["GET"]}}],"collection":[{"href":"https:\/\/summitpremierinspections.com\/en\/wp-json\/wp\/v2\/pages"}],"about":[{"href":"https:\/\/summitpremierinspections.com\/en\/wp-json\/wp\/v2\/types\/page"}],"author":[{"embeddable":true,"href":"https:\/\/summitpremierinspections.com\/en\/wp-json\/wp\/v2\/users\/1"}],"replies":[{"embeddable":true,"href":"https:\/\/summitpremierinspections.com\/en\/wp-json\/wp\/v2\/comments?post=171"}],"version-history":[{"count":1,"href":"https:\/\/summitpremierinspections.com\/en\/wp-json\/wp\/v2\/pages\/171\/revisions"}],"predecessor-version":[{"id":172,"href":"https:\/\/summitpremierinspections.com\/en\/wp-json\/wp\/v2\/pages\/171\/revisions\/172"}],"wp:attachment":[{"href":"https:\/\/summitpremierinspections.com\/en\/wp-json\/wp\/v2\/media?parent=171"}],"curies":[{"name":"wp","href":"https:\/\/api.w.org\/{rel}","templated":true}]}}