{"id":17,"date":"2026-01-13T15:08:18","date_gmt":"2026-01-13T15:08:18","guid":{"rendered":"https:\/\/summitpremierinspections.com\/?page_id=17"},"modified":"2026-03-16T09:42:50","modified_gmt":"2026-03-16T13:42:50","slug":"contacto","status":"publish","type":"page","link":"https:\/\/summitpremierinspections.com\/en\/contacto\/","title":{"rendered":"Contact"},"content":{"rendered":"<div class=\"et_pb_section_0 et_pb_section et_section_regular et_block_section preset--module--divi-section--e68aa8c9-06e1-48cb-b82b-29ec720aed4c\"><div class=\"et_pb_row_0 et_pb_row et_block_row preset--module--divi-row--5138c454-be54-4233-bd3b-f8e6a8747976\"><div class=\"et_pb_column_0 et_pb_column et_pb_column_1_2 et_block_column et_pb_css_mix_blend_mode_passthrough preset--module--divi-column--73121f80-a3ef-4484-8763-c3f18e3c56d2\"><div class=\"et_pb_heading_0 et_pb_heading et_pb_module et_block_module preset--module--divi-heading--f0c675ea-2574-4d0e-b725-30f8550a8550\"><div class=\"et_pb_heading_container\"><h4 class=\"et_pb_module_header\">Contact and Inquiries<\/h4><\/div><\/div><div class=\"et_pb_heading_1 et_pb_heading et_pb_module et_block_module preset--module--divi-heading--ddeb8c09-9078-4424-bc15-2efb6572e28e\"><div class=\"et_pb_heading_container\"><h1 class=\"et_pb_module_header\">Connect with Summit Premier Inspections<\/h1><\/div><\/div><div class=\"et_pb_text_0 et_pb_text et_pb_bg_layout_light et_pb_module et_block_module preset--module--divi-text--default\"><div class=\"et_pb_text_inner\"><p>Connect with Summit Explore how our professional inspection services can help you make informed decisions about your property. We are here to answer your questions and offer you the best assistance.<\/p>\n<\/div><\/div><div class=\"et_pb_module et_pb_button_module_wrapper et_pb_button_0_wrapper preset--module--divi-button--default_wrapper\"><a class=\"et_pb_button_0 et_pb_button et_pb_bg_layout_light et_pb_module et_block_module preset--module--divi-button--default\" href=\"#contacto\">Contact Us Now<\/a><\/div><\/div><div class=\"et_pb_column_1 et_pb_column et_pb_column_1_2 et-last-child et_block_column et_pb_column_empty et_pb_css_mix_blend_mode_passthrough preset--module--divi-column--73121f80-a3ef-4484-8763-c3f18e3c56d2\"><\/div><\/div><\/div><div class=\"et_pb_section_1 et_pb_section et_section_regular et_block_section\"><div class=\"et_pb_row_1 et_pb_row et_block_row preset--module--divi-row--5138c454-be54-4233-bd3b-f8e6a8747976\" id=\"contacto\"><div class=\"et_pb_column_2 et_pb_column et_pb_column_1_2 et_block_column et_pb_css_mix_blend_mode_passthrough preset--module--divi-column--73121f80-a3ef-4484-8763-c3f18e3c56d2\"><div class=\"et_pb_heading_2 et_pb_heading et_pb_module et_block_module preset--module--divi-heading--default\"><div class=\"et_pb_heading_container\"><h2 class=\"et_pb_module_header\">Contact Form<\/h2><\/div><\/div><div class=\"et_pb_text_1 et_pb_text et_pb_bg_layout_light et_pb_module et_block_module preset--module--divi-text--default\"><div class=\"et_pb_text_inner\"><p>Do you have questions about our inspection services? Fill out the form below and our team will contact you as soon as possible.<\/p>\n<\/div><\/div><div class=\"et_pb_blurb_0 et_pb_blurb et_pb_bg_layout_light et_pb_text_align_left et_pb_blurb_position_left et_clickable et_pb_module et_block_module preset--module--divi-blurb--212b201d-2c34-41bd-936c-851b7357d08b\"><div class=\"et_pb_blurb_content\"><div class=\"et_pb_main_blurb_image\"><span class=\"et_pb_image_wrap\"><span class=\"et-pb-icon\">\uf879<\/span><\/span><\/div><div class=\"et_pb_blurb_container\"><h4 class=\"et_pb_module_header\">(702)-249-3985<\/h4><\/div><\/div><\/div><div class=\"et_pb_blurb_1 et_pb_blurb et_pb_bg_layout_light et_pb_text_align_left et_pb_blurb_position_left et_clickable et_pb_module et_block_module preset--module--divi-blurb--212b201d-2c34-41bd-936c-851b7357d08b\"><div class=\"et_pb_blurb_content\"><div class=\"et_pb_main_blurb_image\"><span class=\"et_pb_image_wrap\"><span class=\"et-pb-icon\">\uf0e0<\/span><\/span><\/div><div class=\"et_pb_blurb_container\"><h4 class=\"et_pb_module_header\">citas@summitpremierinspections.com<\/h4><\/div><\/div><\/div><div class=\"et_pb_blurb_2 et_pb_blurb et_pb_bg_layout_light et_pb_text_align_left et_pb_blurb_position_left et_clickable et_pb_module et_block_module preset--module--divi-blurb--212b201d-2c34-41bd-936c-851b7357d08b\"><div class=\"et_pb_blurb_content\"><div class=\"et_pb_main_blurb_image\"><span class=\"et_pb_image_wrap\"><span class=\"et-pb-icon\">\uf3c5<\/span><\/span><\/div><div class=\"et_pb_blurb_container\"><h4 class=\"et_pb_module_header\">4866 Nara vista way, Las Vegas, Nevada USA<\/h4><\/div><\/div><\/div><div class=\"et_pb_divider_0 et_pb_divider et_pb_space et_pb_divider_position_top et_pb_module preset--module--divi-divider--default\"><div class=\"et_pb_divider_internal\"><\/div><\/div><ul class=\"et_pb_social_media_follow_0 et_pb_social_media_follow clearfix et_pb_bg_layout_light et_pb_text_align_right et_pb_module et_block_module preset--module--divi-social-media-follow--cef47b62-e8d2-46cb-b49e-83354e6a94ad\"><li class=\"et_pb_social_media_follow_network_0 et_pb_social_media_follow_network et_pb_social_icon et_pb_social_network_link et-social-linkedin et_pb_module et_flex_module preset--module--divi-social-media-follow-network--b8e222e5-fdf7-4bc4-b87a-ae6c0cd3cbf7\"><a href=\"http:\/\/linkedin.com\/in\/german-alberto-castillo-casta\u00f1eda-273b1a31\" class=\"icon\" target=\"_self\" title=\"Follow on Linkedin\" rel=\"noopener\"><span class=\"et_pb_social_media_follow_network_name\">Follow<\/span><\/a><\/li><li class=\"et_pb_social_media_follow_network_1 et_pb_social_media_follow_network et_pb_social_icon et_pb_social_network_link et-pb-social-fa-icon et-social-whatsapp et_pb_module et_flex_module preset--module--divi-social-media-follow-network--b8e222e5-fdf7-4bc4-b87a-ae6c0cd3cbf7\"><a href=\"https:\/\/api.whatsapp.com\/send?phone=17022493985&#038;text=Hola!%20Soy%20Summit%20Premier%20Inspections.%20Gracias%20por%20contactarnos.%20%C2%BFC%C3%B3mo%20podemos%20ayudarte%20hoy%3F\" class=\"icon\" target=\"_self\" title=\"Follow on Whatsapp\" rel=\"noopener\"><span class=\"et_pb_social_media_follow_network_name\">Follow<\/span><\/a><\/li><li class=\"et_pb_social_media_follow_network_2 et_pb_social_media_follow_network et_pb_social_icon et_pb_social_network_link et-social-instagram et_pb_module et_flex_module preset--module--divi-social-media-follow-network--default\"><a href=\"https:\/\/www.instagram.com\/el_inspectorusa?igsh=N2VzOXVlOXR2dm45\" class=\"icon\" target=\"_self\" title=\"Follow on Instagram\" rel=\"noopener\"><span class=\"et_pb_social_media_follow_network_name\">Follow<\/span><\/a><\/li><\/ul><\/div><div class=\"et_pb_column_3 et_pb_column et_pb_column_1_2 et-last-child et_block_column et_pb_css_mix_blend_mode_passthrough preset--module--divi-column--92716280-2ae8-4a3a-8254-2d5a51101853\"><div class=\"et_pb_heading_3 et_pb_heading et_pb_module et_block_module preset--module--divi-heading--8c21dae4-c59d-4c2b-958c-0e045c7f06d6\"><div class=\"et_pb_heading_container\"><h4 class=\"et_pb_module_header\">Send Inquiry<\/h4><\/div><\/div><div class=\"et_pb_contact_form_0 et_pb_contact_form_container clearfix et_pb_recaptcha_enabled et_pb_module et_flex_module preset--module--divi-contact-form--9874b2d1-c631-4413-b13d-a703702f0d2e\" data-form_unique_num=\"0\" data-form_unique_id=\"44dbb30d-fb7b-4fd1-8be9-5724ac732280\" id=\"et_pb_contact_form_44dbb30d-fb7b-4fd1-8be9-5724ac732280\"><div class=\"et-pb-contact-message\"><\/div><div class=\"et_pb_contact\"><form class=\"et_pb_contact_form et_flex_module\" method=\"post\" action=\"https:\/\/summitpremierinspections.com\/en\/wp-json\/wp\/v2\/pages\/17\" data-trp-original-action=\"https:\/\/summitpremierinspections.com\/en\/wp-json\/wp\/v2\/pages\/17\"><div class=\"et_pb_contact_field_0 et_pb_contact_field et_pb_module et_flex_module et_flex_column_24_24 et_flex_column_24_24_tablet et_flex_column_24_24_phone\" data-id=\"email\" data-type=\"email\"><label class=\"et_pb_contact_form_label\" for=\"et_pb_contact_0_email_0\">Email<\/label><input type=\"text\" name=\"et_pb_contact_0_email_0\" id=\"et_pb_contact_0_email_0\" class=\"input\" data-required_mark=\"required\" data-field_type=\"email\" data-original_id=\"email\" placeholder=\"Email\" title=\"\" value=\"\" \/><\/div><div class=\"et_pb_contact_field_1 et_pb_contact_field et_pb_module et_flex_module et_flex_column_24_24 et_flex_column_24_24_tablet et_flex_column_24_24_phone\" data-id=\"name\" data-type=\"input\"><label class=\"et_pb_contact_form_label\" for=\"et_pb_contact_0_name_1\">Name<\/label><input type=\"text\" name=\"et_pb_contact_0_name_1\" id=\"et_pb_contact_0_name_1\" class=\"input\" data-required_mark=\"required\" data-field_type=\"input\" data-original_id=\"name\" placeholder=\"Name\" title=\"\" value=\"\" \/><\/div><div class=\"et_pb_contact_field_2 et_pb_contact_field et_pb_module et_flex_module et_flex_column_24_24 et_flex_column_24_24_tablet et_flex_column_24_24_phone\" data-id=\"interest\" data-type=\"select\"><label class=\"et_pb_contact_form_label\" for=\"et_pb_contact_0_interest_2\">What kind of services are you interested in?<\/label><select name=\"et_pb_contact_0_interest_2\" id=\"et_pb_contact_0_interest_2\" class=\"et_pb_contact_select input\" data-required_mark=\"required\" data-field_type=\"select\" data-original_id=\"interest\"><option value=\"\">What kind of services are you interested in?<\/option><option value=\"Inspecci\u00f3n Presencial\" data-id=\"\">On-site Inspection<\/option><option value=\"Servicios Adicionales\" data-id=\"\">Additional Services<\/option><\/select><\/div><div class=\"et_pb_contact_field_3 et_pb_contact_field et_pb_module et_flex_module et_flex_column_24_24 et_flex_column_24_24_tablet et_flex_column_24_24_phone\" data-id=\"message\" data-type=\"text\"><label class=\"et_pb_contact_form_label\" for=\"et_pb_contact_0_message_3\">Add a note of interest<\/label><textarea name=\"et_pb_contact_0_message_3\" id=\"et_pb_contact_0_message_3\" class=\"et_pb_contact_message input\" data-required_mark=\"not_required\" data-field_type=\"text\" data-original_id=\"message\" placeholder=\"Add a note of interest\"><\/textarea><\/div><input type=\"hidden\" name=\"et_pb_contactform_submit_44dbb30d-fb7b-4fd1-8be9-5724ac732280\" value=\"et_contact_proccess\" \/><div class=\"et_contact_bottom_container\"><div class=\"et_pb_button_wrapper\"><button type=\"submit\" name=\"et_builder_submit_button\" class=\"et_pb_button et_pb_contact_submit\">Submit<\/button><\/div><\/div><input type=\"hidden\" id=\"_wpnonce-et-pb-contact-form-submitted-44dbb30d-fb7b-4fd1-8be9-5724ac732280\" name=\"_wpnonce-et-pb-contact-form-submitted-44dbb30d-fb7b-4fd1-8be9-5724ac732280\" value=\"c230333b53\" \/><input type=\"hidden\" name=\"_wp_http_referer\" value=\"\/en\/wp-json\/wp\/v2\/pages\/17\" \/><input type=\"hidden\" name=\"trp-form-language\" value=\"en\"\/><\/form><\/div><\/div><\/div><\/div><\/div><div class=\"et_pb_section_2 et_pb_section et_section_regular et_block_section\"><div class=\"et_pb_row_2 et_pb_row et_block_row preset--module--divi-row--5138c454-be54-4233-bd3b-f8e6a8747976\"><div class=\"et_pb_column_4 et_pb_column et_pb_column_4_4 et-last-child et_block_column et_pb_css_mix_blend_mode_passthrough preset--module--divi-column--73121f80-a3ef-4484-8763-c3f18e3c56d2\"><div class=\"et_pb_icon_0 et_pb_icon et_pb_module et_block_module ai_ignore_font_icon preset--module--divi-icon--default\"><span class=\"et_pb_icon_wrap\"><span class=\"et-pb-icon\">\uf10d<\/span><\/span><\/div><div class=\"et_pb_heading_4 et_pb_heading et_pb_module et_block_module preset--module--divi-heading--default\"><div class=\"et_pb_heading_container\"><h2 class=\"et_pb_module_header\">What Our Customers Say<\/h2><\/div><\/div><\/div><\/div><div class=\"et_pb_row_3 et_pb_row et_pb_equal_columns et_block_row preset--module--divi-row--5138c454-be54-4233-bd3b-f8e6a8747976\"><div class=\"et_pb_column_5 et_pb_column et_pb_column_1_3 et_block_column et_pb_css_mix_blend_mode_passthrough preset--module--divi-column--24385ca2-769f-4664-bda9-1443db945d08\"><div class=\"et_pb_text_2 et_pb_text et_pb_bg_layout_light et_pb_module et_block_module preset--module--divi-text--default\"><div class=\"et_pb_text_inner\"><p><b>\u2605<\/b><b>\u2605<\/b><b>\u2605<\/b><b>\u2605<\/b><b>\u2605<\/b><\/p>\n<\/div><\/div><div class=\"et_pb_text_3 et_pb_text et_pb_bg_layout_light et_pb_module et_block_module preset--module--divi-text--0504de1e-f5ff-4281-ba60-cbbe4edf98bc\"><div class=\"et_pb_text_inner\"><p>\u201cThe inspection was thorough and professional. Thanks to Talcosa, I feel confident about my purchase.\u201d<\/p>\n<\/div><\/div><div class=\"et_pb_blurb_3 et_pb_blurb et_pb_bg_layout_light et_pb_text_align_left et_pb_blurb_position_left et_pb_module et_block_module preset--module--divi-blurb--862c9607-1b6f-4b69-8945-31700042b129\"><div class=\"et_pb_blurb_content\"><div class=\"et_pb_main_blurb_image\"><span class=\"et_pb_image_wrap et_pb_only_image_mode_wrap\"><img loading=\"lazy\" decoding=\"async\" src=\"https:\/\/summitpremierinspections.com\/wp-content\/uploads\/2026\/01\/portrait-8095464_1920.jpg\" width=\"1535\" height=\"1920\" srcset=\"https:\/\/summitpremierinspections.com\/wp-content\/uploads\/2026\/01\/portrait-8095464_1920.jpg 1535w, https:\/\/summitpremierinspections.com\/wp-content\/uploads\/2026\/01\/portrait-8095464_1920-1280x1601.jpg 1280w, https:\/\/summitpremierinspections.com\/wp-content\/uploads\/2026\/01\/portrait-8095464_1920-980x1226.jpg 980w, https:\/\/summitpremierinspections.com\/wp-content\/uploads\/2026\/01\/portrait-8095464_1920-480x600.jpg 480w\" sizes=\"(min-width: 0px) and (max-width: 480px) 480px, (min-width: 481px) and (max-width: 980px) 980px, (min-width: 981px) and (max-width: 1280px) 1280px, (min-width: 1281px) 1535px, 100vw\" class=\"et_animated wp-image-89\" \/><\/span><\/div><div class=\"et_pb_blurb_container\"><h4 class=\"et_pb_module_header\">Juan P\u00e9rez<\/h4><div class=\"et_pb_blurb_description\"><p>Homeowner<\/p>\n<\/div><\/div><\/div><\/div><\/div><div class=\"et_pb_column_6 et_pb_column et_pb_column_1_3 et_block_column et_pb_css_mix_blend_mode_passthrough preset--module--divi-column--24385ca2-769f-4664-bda9-1443db945d08\"><div class=\"et_pb_text_4 et_pb_text et_pb_bg_layout_light et_pb_module et_block_module preset--module--divi-text--default\"><div class=\"et_pb_text_inner\"><p><b>\u2605<\/b><b>\u2605<\/b><b>\u2605<\/b><b>\u2605<\/b><b>\u2605<\/b><\/p>\n<\/div><\/div><div class=\"et_pb_text_5 et_pb_text et_pb_bg_layout_light et_pb_module et_block_module preset--module--divi-text--0504de1e-f5ff-4281-ba60-cbbe4edf98bc\"><div class=\"et_pb_text_inner\"><p>\u201cThe report was clear and precise. I recommend your services to all my friends.\u201d<\/p>\n<\/div><\/div><div class=\"et_pb_blurb_4 et_pb_blurb et_pb_bg_layout_light et_pb_text_align_left et_pb_blurb_position_left et_pb_module et_block_module preset--module--divi-blurb--862c9607-1b6f-4b69-8945-31700042b129\"><div class=\"et_pb_blurb_content\"><div class=\"et_pb_main_blurb_image\"><span class=\"et_pb_image_wrap et_pb_only_image_mode_wrap\"><img loading=\"lazy\" decoding=\"async\" src=\"https:\/\/summitpremierinspections.com\/wp-content\/uploads\/2026\/01\/girl-in-purple-5031404_1920.jpg\" width=\"1280\" height=\"1920\" srcset=\"https:\/\/summitpremierinspections.com\/wp-content\/uploads\/2026\/01\/girl-in-purple-5031404_1920.jpg 1280w, https:\/\/summitpremierinspections.com\/wp-content\/uploads\/2026\/01\/girl-in-purple-5031404_1920-980x1470.jpg 980w, https:\/\/summitpremierinspections.com\/wp-content\/uploads\/2026\/01\/girl-in-purple-5031404_1920-480x720.jpg 480w\" sizes=\"(min-width: 0px) and (max-width: 480px) 480px, (min-width: 481px) and (max-width: 980px) 980px, (min-width: 981px) 1280px, 100vw\" class=\"et_animated wp-image-92\" \/><\/span><\/div><div class=\"et_pb_blurb_container\"><h4 class=\"et_pb_module_header\">Mar\u00eda L\u00f3pez<\/h4><div class=\"et_pb_blurb_description\"><p>Real Estate Investor<\/p>\n<\/div><\/div><\/div><\/div><\/div><div class=\"et_pb_column_7 et_pb_column et_pb_column_1_3 et-last-child et_block_column et_pb_css_mix_blend_mode_passthrough preset--module--divi-column--24385ca2-769f-4664-bda9-1443db945d08\"><div class=\"et_pb_text_6 et_pb_text et_pb_bg_layout_light et_pb_module et_block_module preset--module--divi-text--default\"><div class=\"et_pb_text_inner\"><p><b>\u2605<\/b><b>\u2605<\/b><b>\u2605<\/b><b>\u2605<\/b><b>\u2605<\/b><\/p>\n<\/div><\/div><div class=\"et_pb_text_7 et_pb_text et_pb_bg_layout_light et_pb_module et_block_module preset--module--divi-text--0504de1e-f5ff-4281-ba60-cbbe4edf98bc\"><div class=\"et_pb_text_inner\"><p>\u201cExcellent service and customer care. I will definitely use your services again.\u201d<\/p>\n<\/div><\/div><div class=\"et_pb_blurb_5 et_pb_blurb et_pb_bg_layout_light et_pb_text_align_left et_pb_blurb_position_left et_pb_module et_block_module preset--module--divi-blurb--862c9607-1b6f-4b69-8945-31700042b129\"><div class=\"et_pb_blurb_content\"><div class=\"et_pb_main_blurb_image\"><span class=\"et_pb_image_wrap et_pb_only_image_mode_wrap\"><img loading=\"lazy\" decoding=\"async\" src=\"https:\/\/summitpremierinspections.com\/wp-content\/uploads\/2026\/01\/young-8700872_1920.jpg\" width=\"1536\" height=\"1920\" srcset=\"https:\/\/summitpremierinspections.com\/wp-content\/uploads\/2026\/01\/young-8700872_1920.jpg 1536w, https:\/\/summitpremierinspections.com\/wp-content\/uploads\/2026\/01\/young-8700872_1920-1280x1600.jpg 1280w, https:\/\/summitpremierinspections.com\/wp-content\/uploads\/2026\/01\/young-8700872_1920-980x1225.jpg 980w, https:\/\/summitpremierinspections.com\/wp-content\/uploads\/2026\/01\/young-8700872_1920-480x600.jpg 480w\" sizes=\"(min-width: 0px) and (max-width: 480px) 480px, (min-width: 481px) and (max-width: 980px) 980px, (min-width: 981px) and (max-width: 1280px) 1280px, (min-width: 1281px) 1536px, 100vw\" class=\"et_animated wp-image-86\" \/><\/span><\/div><div class=\"et_pb_blurb_container\"><h4 class=\"et_pb_module_header\">Carlos Garc\u00eda<\/h4><div class=\"et_pb_blurb_description\"><p>Real Estate Agent<\/p>\n<\/div><\/div><\/div><\/div><\/div><\/div><\/div><div class=\"et_pb_section_3 et_pb_section et_section_regular et_block_section\"><div class=\"et_pb_row_4 et_pb_row et_block_row preset--module--divi-row--5138c454-be54-4233-bd3b-f8e6a8747976\"><div class=\"et_pb_column_8 et_pb_column et_pb_column_4_4 et-last-child et_block_column et_pb_css_mix_blend_mode_passthrough preset--module--divi-column--73121f80-a3ef-4484-8763-c3f18e3c56d2\"><div class=\"et_pb_heading_5 et_pb_heading et_pb_module et_block_module preset--module--divi-heading--default\"><div class=\"et_pb_heading_container\"><h2 class=\"et_pb_module_header\">Follow us on social media<\/h2><\/div><\/div><\/div><\/div><div class=\"et_pb_row_5 et_pb_row et_block_row preset--module--divi-row--5138c454-be54-4233-bd3b-f8e6a8747976\"><div class=\"et_pb_column_9 et_pb_column et_pb_column_1_3 et_block_column et_pb_css_mix_blend_mode_passthrough preset--module--divi-column--73121f80-a3ef-4484-8763-c3f18e3c56d2\"><div class=\"et_pb_blurb_6 et_pb_blurb et_pb_bg_layout_light et_pb_blurb_position_left et_clickable et_pb_module et_block_module ai_ignore_all preset--module--divi-blurb--1ea53d41-9439-472c-8d8b-7bddb3bf9444\"><div class=\"et_pb_blurb_content\"><div class=\"et_pb_main_blurb_image\"><span class=\"et_pb_image_wrap\"><span class=\"et-pb-icon\">\uf0e1<\/span><\/span><\/div><div class=\"et_pb_blurb_container\"><h4 class=\"et_pb_module_header\">Linkedin<\/h4><\/div><\/div><\/div><\/div><div class=\"et_pb_column_10 et_pb_column et_pb_column_1_3 et_block_column et_pb_css_mix_blend_mode_passthrough preset--module--divi-column--73121f80-a3ef-4484-8763-c3f18e3c56d2\"><div class=\"et_pb_blurb_7 et_pb_blurb et_pb_bg_layout_light et_pb_blurb_position_left et_clickable et_pb_module et_block_module ai_ignore_all preset--module--divi-blurb--1ea53d41-9439-472c-8d8b-7bddb3bf9444\"><div class=\"et_pb_blurb_content\"><div class=\"et_pb_main_blurb_image\"><span class=\"et_pb_image_wrap\"><span class=\"et-pb-icon\">\uf232<\/span><\/span><\/div><div class=\"et_pb_blurb_container\"><h4 class=\"et_pb_module_header\">Whatsapp<\/h4><\/div><\/div><\/div><\/div><div class=\"et_pb_column_11 et_pb_column et_pb_column_1_3 et-last-child et_block_column et_pb_css_mix_blend_mode_passthrough preset--module--divi-column--73121f80-a3ef-4484-8763-c3f18e3c56d2\"><div class=\"et_pb_blurb_8 et_pb_blurb et_pb_bg_layout_light et_pb_blurb_position_left et_clickable et_pb_module et_block_module ai_ignore_all preset--module--divi-blurb--1ea53d41-9439-472c-8d8b-7bddb3bf9444\"><div class=\"et_pb_blurb_content\"><div class=\"et_pb_main_blurb_image\"><span class=\"et_pb_image_wrap\"><span class=\"et-pb-icon\">\uf16d<\/span><\/span><\/div><div class=\"et_pb_blurb_container\"><h4 class=\"et_pb_module_header\">Instagram<\/h4><\/div><\/div><\/div><\/div><\/div><\/div><div class=\"et_pb_section_4 et_pb_section et_section_regular et_block_section\"><div class=\"et_pb_row_6 et_pb_row et_block_row preset--module--divi-row--5138c454-be54-4233-bd3b-f8e6a8747976\"><div class=\"et_pb_column_12 et_pb_column et_pb_column_4_4 et-last-child et_block_column et_pb_css_mix_blend_mode_passthrough preset--module--divi-column--73121f80-a3ef-4484-8763-c3f18e3c56d2\"><div class=\"et_pb_cta_0 et_pb_promo et_pb_bg_layout_light et_pb_module et_block_module preset--module--divi-cta--4c2ad5d0-871e-414e-a4be-aa9134d4ae8e\"><div class=\"et_pb_promo_description\"><h2 class=\"et_pb_module_header\">Contact us for your inspection<\/h2><div class=\"et_pb_promo_content\"><p>\u00bfListo para asegurar la calidad de tu propiedad? Comun\u00edcate con nosotros hoy mismo para programar tu inspecci\u00f3n profesional. Nuestro equipo est\u00e1 aqu\u00ed para responder todas tus preguntas y ayudarte a tomar decisiones informadas. \u00a1No esperes m\u00e1s, da el primer paso hacia la tranquilidad!<\/p>\n<\/div><\/div><div class=\"et_pb_button_wrapper\"><a class=\"et_pb_button et_pb_promo_button\" href=\"#\">Request Inspection<\/a><\/div><\/div><\/div><\/div><\/div>","protected":false},"excerpt":{"rendered":"","protected":false},"author":1,"featured_media":0,"parent":0,"menu_order":0,"comment_status":"closed","ping_status":"closed","template":"","meta":{"footnotes":""},"class_list":["post-17","page","type-page","status-publish","hentry"],"_links":{"self":[{"href":"https:\/\/summitpremierinspections.com\/en\/wp-json\/wp\/v2\/pages\/17","targetHints":{"allow":["GET"]}}],"collection":[{"href":"https:\/\/summitpremierinspections.com\/en\/wp-json\/wp\/v2\/pages"}],"about":[{"href":"https:\/\/summitpremierinspections.com\/en\/wp-json\/wp\/v2\/types\/page"}],"author":[{"embeddable":true,"href":"https:\/\/summitpremierinspections.com\/en\/wp-json\/wp\/v2\/users\/1"}],"replies":[{"embeddable":true,"href":"https:\/\/summitpremierinspections.com\/en\/wp-json\/wp\/v2\/comments?post=17"}],"version-history":[{"count":7,"href":"https:\/\/summitpremierinspections.com\/en\/wp-json\/wp\/v2\/pages\/17\/revisions"}],"predecessor-version":[{"id":248,"href":"https:\/\/summitpremierinspections.com\/en\/wp-json\/wp\/v2\/pages\/17\/revisions\/248"}],"wp:attachment":[{"href":"https:\/\/summitpremierinspections.com\/en\/wp-json\/wp\/v2\/media?parent=17"}],"curies":[{"name":"wp","href":"https:\/\/api.w.org\/{rel}","templated":true}]}}